{"id":1079,"date":"2014-11-16T21:25:18","date_gmt":"2014-11-16T20:25:18","guid":{"rendered":"http:\/\/adopcionpuntodeencuentro.com\/web\/?page_id=1079"},"modified":"2019-04-09T09:19:10","modified_gmt":"2019-04-09T07:19:10","slug":"mapas","status":"publish","type":"page","link":"https:\/\/adopcionpuntodeencuentro.com\/web\/mapas\/","title":{"rendered":"MAPAS"},"content":{"rendered":"<p><span style=\"color: #f50a3d;\"><strong>Actualmente contamos con dos mapas:<\/strong><\/span><\/p>\n<ul>\n<li>\n<h4>En el <a href=\"http:\/\/adopcionpuntodeencuentro.com\/web\/especialistas-en-postadopcion-a-quien-y-a-donde-puedo-acudir\/\" target=\"_blank\" rel=\"noopener\"><strong>mapa de especialistas<\/strong><\/a>\u00a0se puede consultar \u00a0la ubicaci\u00f3n y encontrar informaci\u00f3n de primera mano sobre\u00a0los distintos <strong>centros especializados, profesionales y terapeutas expertos en adopci\u00f3n y postadopci\u00f3n<\/strong> para que las familias puedan encontrar el que m\u00e1s les convenga. Aunque \u00a0la ubicaci\u00f3n<strong>\u00a0es<strong>\u00a0importante, es muy interesante el<\/strong>\u00a0poder acceder a los datos de cada especialista o centro ya que muchos cuentan con la posibilidad de la <span style=\"color: #f00a52;\">consulta on line o tel\u00e9fonica.<\/span><\/strong><\/h4>\n<\/li>\n<\/ul>\n<h4><\/h4>\n<ul>\n<li>\n<h4>En el mapa de <a href=\"http:\/\/adopcionpuntodeencuentro.com\/web\/mapa-de-asociaciones\/\" target=\"_blank\" rel=\"noopener\"><strong>asociaciones de adopci\u00f3n<\/strong> <\/a>est\u00e1n ubicadas las distintas asociaciones\u00a0que se encuentran en muchas ciudades de nuestro pa\u00eds.(Pincha en el enlace o ve a la pesta\u00f1a \u00ab<a title=\"mapa de asociaciones\" href=\"http:\/\/adopcionpuntodeencuentro.com\/web\/mapa-de-asociaciones\/\" target=\"_blank\" rel=\"noopener\">Mapa de asociaciones<\/a>\u00bb que est\u00e1 debajo de la pesta\u00f1a MAPAS \u00a0del men\u00fa).<\/h4>\n<\/li>\n<\/ul>\n<p><strong>Ninguno de los dos mapas \u00abest\u00e1n cerrados\u00bb, esto quiere decir que est\u00e1n abiertos a admitir m\u00e1s informaci\u00f3n, si consideras que falta informaci\u00f3n interesante para las familias (por ejemplo, alguna asociaci\u00f3n no aparece) te rogamos te pongas en contacto con nosotros a trav\u00e9s de nuestro email: <a href=\"mailto:aape.contacto@gmail.com\" target=\"_blank\" rel=\"noopener\">aape.contacto@gmail.com\u00a0<\/a><\/strong><strong>envi\u00e1ndonos\u00a0los datos y procederemos a incluirla en el mapa correspondiente.<\/strong><\/p>\n<p>&nbsp;<\/p>\n<p>&nbsp;<\/p>\n","protected":false},"excerpt":{"rendered":"<p>Actualmente contamos con dos mapas: En el mapa de especialistas\u00a0se puede consultar \u00a0la ubicaci\u00f3n y encontrar informaci\u00f3n de primera mano sobre\u00a0los distintos centros especializados, profesionales y terapeutas expertos en adopci\u00f3n y postadopci\u00f3n para que las familias puedan encontrar el que m\u00e1s les convenga. Aunque \u00a0la ubicaci\u00f3n\u00a0es\u00a0importante, es muy interesante el\u00a0poder acceder a los datos de &#8230;<\/p>\n","protected":false},"author":1,"featured_media":0,"parent":0,"menu_order":0,"comment_status":"open","ping_status":"open","template":"","meta":{"footnotes":""},"_links":{"self":[{"href":"https:\/\/adopcionpuntodeencuentro.com\/web\/wp-json\/wp\/v2\/pages\/1079"}],"collection":[{"href":"https:\/\/adopcionpuntodeencuentro.com\/web\/wp-json\/wp\/v2\/pages"}],"about":[{"href":"https:\/\/adopcionpuntodeencuentro.com\/web\/wp-json\/wp\/v2\/types\/page"}],"author":[{"embeddable":true,"href":"https:\/\/adopcionpuntodeencuentro.com\/web\/wp-json\/wp\/v2\/users\/1"}],"replies":[{"embeddable":true,"href":"https:\/\/adopcionpuntodeencuentro.com\/web\/wp-json\/wp\/v2\/comments?post=1079"}],"version-history":[{"count":7,"href":"https:\/\/adopcionpuntodeencuentro.com\/web\/wp-json\/wp\/v2\/pages\/1079\/revisions"}],"predecessor-version":[{"id":10602,"href":"https:\/\/adopcionpuntodeencuentro.com\/web\/wp-json\/wp\/v2\/pages\/1079\/revisions\/10602"}],"wp:attachment":[{"href":"https:\/\/adopcionpuntodeencuentro.com\/web\/wp-json\/wp\/v2\/media?parent=1079"}],"curies":[{"name":"wp","href":"https:\/\/api.w.org\/{rel}","templated":true}]}}