{"id":30,"date":"2014-09-30T10:09:18","date_gmt":"2014-09-30T10:09:18","guid":{"rendered":"http:\/\/adopcionpuntodeencuentro.com\/web\/?page_id=30"},"modified":"2014-11-18T13:55:26","modified_gmt":"2014-11-18T12:55:26","slug":"prueba-mapa","status":"publish","type":"page","link":"https:\/\/adopcionpuntodeencuentro.com\/web\/prueba-mapa\/","title":{"rendered":"Un punto en com\u00fan: la adopci\u00f3n"},"content":{"rendered":"<p><a href=\"http:\/\/adopcionpuntodeencuentro.com\/web\/wp-content\/uploads\/2014\/10\/HOLA-MUNDO.jpg\"><img loading=\"lazy\" decoding=\"async\" class=\"alignleft wp-image-130 size-medium\" src=\"http:\/\/adopcionpuntodeencuentro.com\/web\/wp-content\/uploads\/2014\/10\/HOLA-MUNDO-300x212.jpg\" alt=\"HOLA MUNDO\" width=\"300\" height=\"212\" srcset=\"https:\/\/adopcionpuntodeencuentro.com\/web\/wp-content\/uploads\/2014\/10\/HOLA-MUNDO-300x212.jpg 300w, https:\/\/adopcionpuntodeencuentro.com\/web\/wp-content\/uploads\/2014\/10\/HOLA-MUNDO-1024x724.jpg 1024w, https:\/\/adopcionpuntodeencuentro.com\/web\/wp-content\/uploads\/2014\/10\/HOLA-MUNDO.jpg 1280w\" sizes=\"(max-width: 300px) 100vw, 300px\" \/><\/a>Es este un rinc\u00f3n que esperamos sirva de reuni\u00f3n a madres, padres, terapeutas y educadores\u00a0 para crear entre todos una nueva sociedad adoptiva. Tal vez suene muy ambicioso pero todos los grandes retos lo son y si hemos superado el m\u00e1s dif\u00edcil, el de conseguir llegar hasta nuestros hijos, deber\u00edamos trabajar juntos por y para que puedan desenvolverse en un mundo sin reservas para ellos, para todos los ni\u00f1os y en especial los que fueron adoptados. Esas reservas son motivadas por el gran desconocimiento y la desinformaci\u00f3n, aunque tambi\u00e9n por la informaci\u00f3n distorsionada que algunos medios dan continuamente sobre la adopci\u00f3n, con personajes -reales o de ficci\u00f3n- que no son para nada representativos de todos los hijos o hijas adoptivos. Pero el principal problema es que tambi\u00e9n los padres y educadores, pediatras y muchos profesionales que trabajan con infancia desconocen muchas de las caracter\u00edsticas propias de la adopci\u00f3n. Hay que actuar en nuestro entorno para despejar la idea de que la adopci\u00f3n es un factor agente generador de problemas, dejando claro que las necesidades especiales que puedan tener nuestros hijos no son causadas por la adopci\u00f3n sino por las circunstancias que les llevaron a ser adoptados. Juntos\u00a0 podemos conseguir estrategias, informaci\u00f3n y soporte para educar no s\u00f3lo a nuestros hijos sino a la sociedad en la que viven.<\/p>\n<p>Por eso este sitio para tener un lugar abierto las 24 horas que aspira a ser un soporte donde poder encontrar la informaci\u00f3n y el apoyo humano necesario. Un lugar abierto a todo el que tenga algo que decir, a quien quiera aportar recursos, experiencias o informaci\u00f3n, para quien necesite encontrar ayuda, sentirse arropad@ y comprendid@, para eso tambi\u00e9n vamos a tener un foro que aspira a ser una ventana de comunicaci\u00f3n para todos.<\/p>\n<p>Si quieres tomar parte y participar la manera de hacerlo \u00a0es sencilla, escribe un email a <a href=\"mailto:info@adopci\u00f3npuntodeencuentro.com\">info@adopci\u00f3npuntodeencuentro.com<\/a><\/p>\n<p>y subiremos tus sugerencias, tus preguntas tu testimonio o la informaci\u00f3n que consideres valiosa para compartir.<\/p>\n<p>Tu aportaci\u00f3n nos es muy valiosa.<\/p>\n","protected":false},"excerpt":{"rendered":"<p>Es este un rinc\u00f3n que esperamos sirva de reuni\u00f3n a madres, padres, terapeutas y educadores\u00a0 para crear entre todos una nueva sociedad adoptiva. Tal vez suene muy ambicioso pero todos los grandes retos lo son y si hemos superado el m\u00e1s dif\u00edcil, el de conseguir llegar hasta nuestros hijos, deber\u00edamos trabajar juntos por y para &#8230;<\/p>\n","protected":false},"author":1,"featured_media":130,"parent":0,"menu_order":0,"comment_status":"open","ping_status":"open","template":"templates\/templet-grid-formats.php","meta":{"footnotes":""},"_links":{"self":[{"href":"https:\/\/adopcionpuntodeencuentro.com\/web\/wp-json\/wp\/v2\/pages\/30"}],"collection":[{"href":"https:\/\/adopcionpuntodeencuentro.com\/web\/wp-json\/wp\/v2\/pages"}],"about":[{"href":"https:\/\/adopcionpuntodeencuentro.com\/web\/wp-json\/wp\/v2\/types\/page"}],"author":[{"embeddable":true,"href":"https:\/\/adopcionpuntodeencuentro.com\/web\/wp-json\/wp\/v2\/users\/1"}],"replies":[{"embeddable":true,"href":"https:\/\/adopcionpuntodeencuentro.com\/web\/wp-json\/wp\/v2\/comments?post=30"}],"version-history":[{"count":12,"href":"https:\/\/adopcionpuntodeencuentro.com\/web\/wp-json\/wp\/v2\/pages\/30\/revisions"}],"predecessor-version":[{"id":1110,"href":"https:\/\/adopcionpuntodeencuentro.com\/web\/wp-json\/wp\/v2\/pages\/30\/revisions\/1110"}],"wp:featuredmedia":[{"embeddable":true,"href":"https:\/\/adopcionpuntodeencuentro.com\/web\/wp-json\/wp\/v2\/media\/130"}],"wp:attachment":[{"href":"https:\/\/adopcionpuntodeencuentro.com\/web\/wp-json\/wp\/v2\/media?parent=30"}],"curies":[{"name":"wp","href":"https:\/\/api.w.org\/{rel}","templated":true}]}}