{"id":608,"date":"2014-10-23T09:33:05","date_gmt":"2014-10-23T09:33:05","guid":{"rendered":"http:\/\/adopcionpuntodeencuentro.com\/web\/?page_id=608"},"modified":"2016-12-09T20:30:05","modified_gmt":"2016-12-09T19:30:05","slug":"aviso-legal","status":"publish","type":"page","link":"https:\/\/adopcionpuntodeencuentro.com\/web\/aviso-legal\/","title":{"rendered":"Aviso legal"},"content":{"rendered":"<h3><strong>Pol\u00edtica de Privacidad.<\/strong><\/h3>\n<p>En cumplimiento de la Ley Org\u00e1nica 15\/1999, de 13 de diciembre, de Protecci\u00f3n de Datos de Car\u00e1cter Personal y su normativa de desarrollo, se le informa que los datos personales facilitados por usted ser\u00e1n incorporados a un fichero automatizado de adopcionpuntodeencuentro.com y &nbsp;cuyo responsable y titular es &nbsp;la Asociaci\u00f3n Adopci\u00f3n punto de Encuentro en adelante AAPE con la finalidad de facilitarle la informaci\u00f3n solicitada acerca de nuestros servicios.<\/p>\n<p>A trav\u00e9s de la cumplimentaci\u00f3n de formularios de la Web o mediante el env\u00edo de correos electr\u00f3nicos o cualquier otro tipo de solicitud de informaci\u00f3n remitida a AAPE, el interesado presta su consentimiento expreso al tratamiento de sus datos personales para recibir comunicaciones comerciales sobre los &nbsp;servicios referentes a AAPE.<\/p>\n<p>En ning\u00fan caso AAPE, utilizar\u00e1 los datos personales de los interesados para fines distintos de los anteriormente mencionados, y se compromete a guardar el debido secreto profesional y a establecer las medidas t\u00e9cnicas y organizativas necesarias para salvaguardar la informaci\u00f3n conforme a los requerimientos que establece el RD 1720\/2007, de desarrollo de la LOPD.<\/p>\n<p>Puede ejercer los derechos de acceso, rectificaci\u00f3n, cancelaci\u00f3n y oposici\u00f3n en cualquier momento, mediante escrito, acompa\u00f1ado de copia de documento oficial que le identifique, dirigido a:<\/p>\n<p>Asociaci\u00f3n Adopci\u00f3n punto de Encuentro (AAPE)<br \/>\nCalle A, parcela 121.Pol\u00edgono Juncaril.<br \/>\n18220.Albolote.Granada<\/p>\n<p>&nbsp;<\/p>\n<h3><strong>Pol\u00edtica de Cookies<\/strong><\/h3>\n<div>\n<p>AAPE tiene la obligaci\u00f3n por el Real Decreto-ley 13\/2012 que modifica la Ley 34\/2002, de 11 de julio, de servicios de la sociedad de la informaci\u00f3n y de comercio electr\u00f3nico, de informar y obtener el consentimiento del ciudadano acerca del uso de las cookies en sus p\u00e1ginas web.<br \/>\n<strong>Las cookies<\/strong> son archivos que se pueden descargar en su equipo a trav\u00e9s de las p\u00e1ginas web. Son herramientas que t<strong>ienen un papel esencial<\/strong> para la prestaci\u00f3n de numerosos servicios de la sociedad de la informaci\u00f3n. Entre otros, permiten a una p\u00e1gina web almacenar y recuperar informaci\u00f3n sobre los h\u00e1bitos de navegaci\u00f3n de un usuario o de su equipo y, dependiendo de la informaci\u00f3n obtenida, se pueden utilizar para reconocer al usuario y mejorar el servicio ofrecido.<br \/>\n<strong>Tipos de cookies<\/strong><br \/>\nSeg\u00fan quien sea la entidad que gestione el dominio desde donde se env\u00edan las cookies y trate los datos que se obtengan se pueden distinguir dos tipos: cookies propias y cookies de terceros.<br \/>\nExiste tambi\u00e9n una segunda clasificaci\u00f3n seg\u00fan el plazo de tiempo que permanecen almacenadas en el navegador del cliente, pudiendo tratarse de cookies de sesi\u00f3n o cookies persistentes.<br \/>\nPor \u00faltimo, existe otra clasificaci\u00f3n con cinco tipos de cookies seg\u00fan la finalidad para la que se traten los datos obtenidos: cookies t\u00e9cnicas, cookies de personalizaci\u00f3n, cookies de an\u00e1lisis, cookies publicitarias y cookies de publicidad comportamental .<br \/>\n<strong>Cookies utilizadas en la web<\/strong><br \/>\nA continuaci\u00f3n se identifican las cookies que est\u00e1n siendo utilizadas en este portal as\u00ed como su tipolog\u00eda y funci\u00f3n:<\/p>\n<ul>\n<li>Google Analytics, un servicio de anal\u00edtica web desarrollada por Google, que permite la medici\u00f3n y an\u00e1lisis de la navegaci\u00f3n en las p\u00e1ginas web. En su navegador podr\u00e1 observar 4 cookies de este servicio denominadas como: __utma; __utmb; __utmc; __utmz. Seg\u00fan la tipolog\u00eda anterior se trata de cookies propias, de sesi\u00f3n y de an\u00e1lisis. Puede encontrar m\u00e1s informaci\u00f3n al respecto e inhabilitar el uso de estas <a href=\"http:\/\/www.google.es\/intl\/es\/analytics\/privacyoverview.html\" target=\"_blank\">cookies<\/a>. A trav\u00e9s de la anal\u00edtica web no se obtiene informaci\u00f3n sobre sus datos personales garantizando la tutela de la privacidad de las personas que navegan por la web. La informaci\u00f3n que se obtiene es la relativa al n\u00famero de usuarios que acceden a la web, el n\u00famero de p\u00e1ginas vistas, la frecuencia y repetici\u00f3n de las visitas, su duraci\u00f3n, el navegador utilizado, el operador que presta el servicio, el idioma, el terminal que utiliza, o la ciudad a la que est\u00e1 asignada su direcci\u00f3n IP. Informaci\u00f3n que posibilita un mejor y m\u00e1s apropiado servicio por parte de este portal.<\/li>\n<li>WordPress, las p\u00e1ginas web de&nbsp;adopcionpuntodeencuentro.com usan el editor de contenidos WordPress. Si usted se da de alta para usar nuestro foro o hacer comentarios, WordPress crear\u00e1 varias cookies de este servicio denominadas como: jsCookiewarning29check; wordpress_logged_in; wordpress_test_cookie; wp-setting; wp-setting-time; wpmfcookie. Se trata de cookies de seguridad, claves secretas de WordPress y de sesi\u00f3n. Su duraci\u00f3n por defecto es de 48 horas o cierre del navegador o bien 14 d\u00edas si marca la casilla en el acceso de \u201crecu\u00e9rdeme\u201d.<\/li>\n<li>Killcookie: cookillian_opt_*, Este cookie guarda datos sobre si desea o no aceptar la politica de Cookies de esta web.<\/li>\n<li>PHPSESSID.- Esta cookie es usada por el lenguaje de encriptado PHP para permitir que las variables de SESI\u00d3N sean guardadas en el servidor web. Esta cookies es esencial para el funcionamiento de la web.<\/li>\n<li>Facebook Me gusta, es un servicio desarrollado por Facebook que permite a los usuarios publicar contenidos directamente en su cuenta privada de Facebook. Con este plugin el usuario puede publicar que sigue a la web de&nbsp;adopcionpuntodeencuentro.com.<\/li>\n<li>LinkedIn Seguir, es un servicio desarrollado por LinkedIn que permite a los usuarios publicar contenidos directamente en su cuenta privada de LinkedIn. Con este plugin el usuario puede publicar que sigue a la web de adopcionpuntodeencuentro.com.<\/li>\n<li>Twitter Seguir, es un servicio desarrollado por Twitter que permite a los usuarios publicar contenidos directamente en su cuenta privada de Twitter. Con este plugin el usuario puede publicar que sigue a la web de&nbsp;adopcionpuntodeencuentro.com.<\/li>\n<\/ul>\n<p><strong>Aceptaci\u00f3n de la Pol\u00edtica de cookies<\/strong><br \/>\nAAPE, con el objeto de dar cumplimiento a la citada normativa, muestra informaci\u00f3n sobre su Pol\u00edtica de cookies a trav\u00e9s de una ventana emergente que bloquea la navegaci\u00f3n por su portal con cada inicio de sesi\u00f3n. Ante esta informaci\u00f3n es posible llevar a cabo las siguientes acciones:<\/p>\n<ul>\n<li>Aceptar cookies. No se volver\u00e1 a visualizar este aviso al acceder a cualquier p\u00e1gina del portal durante la presente sesi\u00f3n.<\/li>\n<li>Modificar su configuraci\u00f3n. Podr\u00e1 obtener m\u00e1s informaci\u00f3n sobre qu\u00e9 son las cookies, conocer la Pol\u00edtica de cookies del Ministerio y modificar la configuraci\u00f3n de su navegaci\u00f3n. Pero esto no evitar\u00e1 que se muestre el aviso sobre cookies al acceder a nuevas p\u00e1ginas del portal.<\/li>\n<li>Revisar la actual Pol\u00edtica de Cookies.<\/li>\n<\/ul>\n<p><strong>C\u00f3mo modificar la configuraci\u00f3n de las cookies<\/strong><br \/>\nUsted puede restringir, bloquear o borrar las cookies de las p\u00e1ginas web de AAPE, utilizando su navegador. La configuraci\u00f3n en cada tipo de navegador de Internet es diferente, la funci\u00f3n de \u2018Ayuda\u201d del navegador que usted est\u00e1 usando le mostrar\u00e1 c\u00f3mo hacerlo. Puede obtener m\u00e1s informaci\u00f3n en los siguientes enlaces:<\/p>\n<ul>\n<li><a href=\"http:\/\/windows.microsoft.com\/es-xl\/internet-explorer\/delete-manage-cookies#ie=ie-10\" target=\"_blank\">Internet Explorer<\/a><\/li>\n<li><a href=\"https:\/\/support.mozilla.org\/es\/kb\/Borrar%20cookies\" target=\"_blank\">FireFox<\/a><\/li>\n<li><a href=\"https:\/\/support.google.com\/chrome\/answer\/95647?hl=es\" target=\"_blank\">Cromo<\/a><\/li>\n<li><a href=\"http:\/\/www.apple.com\/es\/privacy\/use-of-cookies\/\" target=\"_blank\">Safari<\/a><\/li>\n<\/ul>\n<\/div>\n<p>&nbsp;<\/p>\n<h3>Menores de edad:<\/h3>\n<p>Los menores de edad siempre deben solicitar y obtener el permiso de sus padres, de su tutor o de su representante legal antes de poder acceder a los dominios del grupo.<\/p>\n<p>Queda prohibido el acceso y uso de los dominios del grupo a los menores de edad no autorizados. El titular de los dominios del grupo entiende que desde el momento en que un menor de edad accede al Portal, cuenta con el permiso de sus padres, de su tutor o de su representante legal.<\/p>\n<p>Como responsable legal de los menores a su cargo, recuerde que los contenidos y servicios que se incorporan en el Portal est\u00e1n dirigidos a una audiencia diversa y por consiguiente pueden existir determinadas \u00e1reas o secciones que pudieran incorporar contenidos o servicios no apropiados o prohibidos a los menores de edad. El acceso a dichas \u00e1reas quedar\u00e1 expresamente prohibido a los menores de 18 a\u00f1os.<\/p>\n<p>El titular de los dominios del grupo recuerda a los Usuarios mayores de edad que tengan menores a su cargo que ser\u00e1 de su exclusiva responsabilidad determinar qu\u00e9 contenidos y\/o servicios son o no apropiados la edad de estos \u00faltimos.<\/p>\n<p>Asimismo, el titular de los dominios del grupo le informa que existen programas inform\u00e1ticos que permiten filtrar y bloquear el acceso a determinados contenidos y servicios, de tal forma que los padres, por ejemplo, pueden decidir cu\u00e1les son los contenidos y servicios de los dominios del grupo a los que sus hijos pueden tener acceso y cu\u00e1les no. Dichos programas pueden ser una herramienta \u00fatil para velar por los intereses del menor sin que ello suponga impedir o limitar su acceso a las oportunidades que le brinda Internet.<\/p>\n<p>&nbsp;<\/p>\n<h3>Datos de localizaci\u00f3n de la web:<\/h3>\n<p>Esta web,&nbsp;adopcionpuntodeencuentro.com es propiedad de:<\/p>\n<p>Mercedes Moya Herrero con D.N.I. 24201976-L<\/p>\n<p>Con direcci\u00f3n f\u00edsica y postal:<\/p>\n<p><strong>adopcionpuntodeencuentro.com<\/strong><br \/>\nAvda. de la Innovaci\u00f3n, 15. Edificio \u2018Pit\u00e1goras\u2019<br \/>\nAutov\u00eda del Mediterr\u00e1neo (A-7). Salida 460<br \/>\n04131 ALMER\u00cdA<\/p>\n<p>&nbsp;<\/p>\n<h3>Responsabilidad sobre el contenido de adopcionpuntodeencuentro.com:<\/h3>\n<p><strong>Advertencia<\/strong>:<\/p>\n<p>adopcionpuntodeencuentro.com&nbsp;no se responsabilizar\u00e1 de ninguna consecuencia, da\u00f1o o perjuicio que pudieran derivarse de este acceso o uso de informaci\u00f3n.<\/p>\n<p>Esta web contiene una serie de art\u00edculos que son informativos,&nbsp;adopcionpuntodeencuentro.com&nbsp;&nbsp;desarrollar\u00e1 los esfuerzos precisos para evitar errores y, en su caso, subsanarlos lo antes posible, no pudiendo garantizar su inexistencia ni que el contenido de la informaci\u00f3n que la p\u00e1gina web ofrece se encuentre permanentemente actualizado.<\/p>\n<p>En la p\u00e1gina web se han incluido enlaces a otras p\u00e1ginas de terceros (\u201clinks\u201d), que se han considerado de inter\u00e9s para los usuarios. No obstante, adopcionpuntodeencuentro.com&nbsp;no asume ninguna responsabilidad derivada de la conexi\u00f3n o contenidos de los enlaces de terceros a los que se hace referencia en la p\u00e1gina web.<\/p>\n<p>Los derechos de propiedad intelectual sobre los contenidos de la p\u00e1gina web, son de titularidad de adopcionpuntodeencuentro.com&nbsp;a no ser que se indique una titularidad diferente. La reproducci\u00f3n, comunicaci\u00f3n p\u00fablica, distribuci\u00f3n, comercializaci\u00f3n o transformaci\u00f3n no autorizadas de estas obras constituye una infracci\u00f3n de los derechos de propiedad intelectual de adopcionpuntodeencuentro.com&nbsp;o de aqu\u00e9l que sea titular. Igualmente, se proh\u00edbe la utilizaci\u00f3n de las marcas, signos distintivos de cualquier clase u otros elementos protegidos por derechos de propiedad, contenidos en la p\u00e1gina web.<\/p>\n<p>La utilizaci\u00f3n de la informaci\u00f3n contenida en la p\u00e1gina web sin autorizaci\u00f3n expresa y por escrito de adopcionpuntodeencuentro.com&nbsp;as\u00ed como los perjuicios ocasionados en los derechos de propiedad intelectual, pueden dar lugar al ejercicio de las acciones que legalmente correspondan y, si procede, a las responsabilidades que de dicho ejercicio se deriven.<\/p>\n<p>&nbsp;<\/p>\n<h3><\/h3>\n","protected":false},"excerpt":{"rendered":"<p>Pol\u00edtica de Privacidad. En cumplimiento de la Ley Org\u00e1nica 15\/1999, de 13 de diciembre, de Protecci\u00f3n de Datos de Car\u00e1cter Personal y su normativa de desarrollo, se le informa que los datos personales facilitados por usted ser\u00e1n incorporados a un fichero automatizado de adopcionpuntodeencuentro.com y &nbsp;cuyo responsable y titular es &nbsp;la Asociaci\u00f3n Adopci\u00f3n punto de &#8230;<\/p>\n","protected":false},"author":1,"featured_media":0,"parent":0,"menu_order":0,"comment_status":"open","ping_status":"open","template":"","meta":{"footnotes":""},"_links":{"self":[{"href":"https:\/\/adopcionpuntodeencuentro.com\/web\/wp-json\/wp\/v2\/pages\/608"}],"collection":[{"href":"https:\/\/adopcionpuntodeencuentro.com\/web\/wp-json\/wp\/v2\/pages"}],"about":[{"href":"https:\/\/adopcionpuntodeencuentro.com\/web\/wp-json\/wp\/v2\/types\/page"}],"author":[{"embeddable":true,"href":"https:\/\/adopcionpuntodeencuentro.com\/web\/wp-json\/wp\/v2\/users\/1"}],"replies":[{"embeddable":true,"href":"https:\/\/adopcionpuntodeencuentro.com\/web\/wp-json\/wp\/v2\/comments?post=608"}],"version-history":[{"count":6,"href":"https:\/\/adopcionpuntodeencuentro.com\/web\/wp-json\/wp\/v2\/pages\/608\/revisions"}],"predecessor-version":[{"id":6219,"href":"https:\/\/adopcionpuntodeencuentro.com\/web\/wp-json\/wp\/v2\/pages\/608\/revisions\/6219"}],"wp:attachment":[{"href":"https:\/\/adopcionpuntodeencuentro.com\/web\/wp-json\/wp\/v2\/media?parent=608"}],"curies":[{"name":"wp","href":"https:\/\/api.w.org\/{rel}","templated":true}]}}