{"id":6290,"date":"2016-12-13T14:24:03","date_gmt":"2016-12-13T13:24:03","guid":{"rendered":"http:\/\/adopcionpuntodeencuentro.com\/web\/?page_id=6290"},"modified":"2022-03-07T18:28:59","modified_gmt":"2022-03-07T17:28:59","slug":"objetivos","status":"publish","type":"page","link":"https:\/\/adopcionpuntodeencuentro.com\/web\/objetivos\/","title":{"rendered":"PRESENTACI\u00d3N"},"content":{"rendered":"<h3 style=\"text-align: center;\"><img loading=\"lazy\" decoding=\"async\" class=\"wp-image-13015 aligncenter\" src=\"http:\/\/adopcionpuntodeencuentro.com\/web\/wp-content\/uploads\/siglas-ape-450x267.png\" alt=\"\" width=\"583\" height=\"346\" srcset=\"https:\/\/adopcionpuntodeencuentro.com\/web\/wp-content\/uploads\/siglas-ape-450x267.png 450w, https:\/\/adopcionpuntodeencuentro.com\/web\/wp-content\/uploads\/siglas-ape-150x89.png 150w, https:\/\/adopcionpuntodeencuentro.com\/web\/wp-content\/uploads\/siglas-ape.png 594w\" sizes=\"(max-width: 583px) 100vw, 583px\" \/><strong>\u00a0 \u00a0 \u00a0 \u00a0 \u00a0 \u00a0 Trabajamos por una nueva sociedad que entienda la adopci\u00f3n sin prejuicios.<\/strong><\/h3>\n<h3>&#8211; <strong style=\"font-size: 16px;\">APE es una herramienta muy potente para apoyar en su labor y proyectos a los profesionales, asociaciones y entidades que trabajan por una nueva cultura de la adopci\u00f3n.<\/strong><\/h3>\n<h3>&#8211;\u00a0<strong style=\"font-size: 16px;\">Desde el a\u00f1o 2014 somos pioneros en la utilizaci\u00f3n de las nuevas tecnolog\u00edas para lograr un mayor alcance rompiendo as\u00ed las barreras geogr\u00e1ficas para que la formaci\u00f3n e informaci\u00f3n sobre adopci\u00f3n infantil llegue a todos los rincones del planeta.<\/strong><\/h3>\n<h4>-Creemos que el mundo de la adopci\u00f3n ha avanzado en los \u00faltimos a\u00f1os gracias al trabajo conjunto de padres, madres, asociaciones, hijos adoptivos adultos y profesionales, pero tambi\u00e9n creemos que queda mucho por hacer, empezando desde que el ni\u00f1o o la ni\u00f1a es separado de su familia, y pasa a formar parte de los programas de protecci\u00f3n hasta que se convierte en adoptable, para empezar.<\/h4>\n<h4>-Promovemos la formaci\u00f3n porque es muy importante que tanto el ni\u00f1o como los futuros padres adoptantes sean preparados muy a conciencia y por profesionales para ese gran cambio en sus vidas, no s\u00f3lo para ese gran acontecimiento que es la adopci\u00f3n, sino que han de ser \u00a0instruidos y capacitados para ser adoptados y ser adoptantes. Ni\u00f1os, ni\u00f1as y padres y madres.<\/h4>\n<h4>\u00a0&#8211;<strong style=\"font-size: 16px;\">Creamos un punto de encuentro donde compartir la experiencia de la adopci\u00f3n con\u00a0 informaci\u00f3n orientadas a comprender las necesidades de las familias y de nuestros hijos.<\/strong><\/h4>\n<p>&nbsp;<\/p>\n<p style=\"text-align: center;\"><div class='divider' > <\/div>\n","protected":false},"excerpt":{"rendered":"<p>\u00a0 \u00a0 \u00a0 \u00a0 \u00a0 \u00a0 Trabajamos por una nueva sociedad que entienda la adopci\u00f3n sin prejuicios. &#8211; APE es una herramienta muy potente para apoyar en su labor y proyectos a los profesionales, asociaciones y entidades que trabajan por una nueva cultura de la adopci\u00f3n. &#8211;\u00a0Desde el a\u00f1o 2014 somos pioneros en la utilizaci\u00f3n &#8230;<\/p>\n","protected":false},"author":1,"featured_media":0,"parent":0,"menu_order":0,"comment_status":"closed","ping_status":"closed","template":"","meta":{"footnotes":""},"_links":{"self":[{"href":"https:\/\/adopcionpuntodeencuentro.com\/web\/wp-json\/wp\/v2\/pages\/6290"}],"collection":[{"href":"https:\/\/adopcionpuntodeencuentro.com\/web\/wp-json\/wp\/v2\/pages"}],"about":[{"href":"https:\/\/adopcionpuntodeencuentro.com\/web\/wp-json\/wp\/v2\/types\/page"}],"author":[{"embeddable":true,"href":"https:\/\/adopcionpuntodeencuentro.com\/web\/wp-json\/wp\/v2\/users\/1"}],"replies":[{"embeddable":true,"href":"https:\/\/adopcionpuntodeencuentro.com\/web\/wp-json\/wp\/v2\/comments?post=6290"}],"version-history":[{"count":18,"href":"https:\/\/adopcionpuntodeencuentro.com\/web\/wp-json\/wp\/v2\/pages\/6290\/revisions"}],"predecessor-version":[{"id":14932,"href":"https:\/\/adopcionpuntodeencuentro.com\/web\/wp-json\/wp\/v2\/pages\/6290\/revisions\/14932"}],"wp:attachment":[{"href":"https:\/\/adopcionpuntodeencuentro.com\/web\/wp-json\/wp\/v2\/media?parent=6290"}],"curies":[{"name":"wp","href":"https:\/\/api.w.org\/{rel}","templated":true}]}}